{"id":277,"date":"2023-12-24T10:58:23","date_gmt":"2023-12-24T10:58:23","guid":{"rendered":"https:\/\/norkke.ee\/?page_id=277"},"modified":"2024-12-30T20:25:42","modified_gmt":"2024-12-30T20:25:42","slug":"pure-saun","status":"publish","type":"page","link":"https:\/\/norkke.ee\/en\/pure-saun\/","title":{"rendered":"PURE Sauna"},"content":{"rendered":"<p>Minimalist sauna with fully glazed front facade. Enjoy limitless views to surrounding nature or your own back yard - wherever you decide to put your new PURE Sauna.<\/p>\n\n\n\n<p><strong>Contact us for price inquiry: info@norkke.ee<\/strong>&nbsp;<\/p>\n\n\n\n<figure data-wp-context=\"{&quot;imageId&quot;:&quot;69e376def16e5&quot;}\" data-wp-interactive=\"core\/image\" data-wp-key=\"69e376def16e5\" class=\"wp-block-image size-large wp-lightbox-container\"><img loading=\"lazy\" decoding=\"async\" width=\"1401\" height=\"1402\" data-wp-class--hide=\"state.isContentHidden\" data-wp-class--show=\"state.isContentVisible\" data-wp-init=\"callbacks.setButtonStyles\" data-wp-on--click=\"actions.showLightbox\" data-wp-on--load=\"callbacks.setButtonStyles\" data-wp-on-window--resize=\"callbacks.setButtonStyles\" src=\"https:\/\/norkke.ee\/wp-content\/uploads\/2024\/06\/Norkke-Pure-Sauna-Huum-1-edited.jpg\" alt=\"\" class=\"wp-image-419\" srcset=\"https:\/\/norkke.ee\/wp-content\/uploads\/2024\/06\/Norkke-Pure-Sauna-Huum-1-edited.jpg 1401w, https:\/\/norkke.ee\/wp-content\/uploads\/2024\/06\/Norkke-Pure-Sauna-Huum-1-edited-300x300.jpg 300w, https:\/\/norkke.ee\/wp-content\/uploads\/2024\/06\/Norkke-Pure-Sauna-Huum-1-edited-1024x1024.jpg 1024w, https:\/\/norkke.ee\/wp-content\/uploads\/2024\/06\/Norkke-Pure-Sauna-Huum-1-edited-150x150.jpg 150w, https:\/\/norkke.ee\/wp-content\/uploads\/2024\/06\/Norkke-Pure-Sauna-Huum-1-edited-768x769.jpg 768w, https:\/\/norkke.ee\/wp-content\/uploads\/2024\/06\/Norkke-Pure-Sauna-Huum-1-edited-12x12.jpg 12w, https:\/\/norkke.ee\/wp-content\/uploads\/2024\/06\/Norkke-Pure-Sauna-Huum-1-edited-100x100.jpg 100w\" sizes=\"auto, (max-width: 767px) 89vw, (max-width: 1000px) 54vw, (max-width: 1071px) 543px, 580px\" \/><button\n\t\t\tclass=\"lightbox-trigger\"\n\t\t\ttype=\"button\"\n\t\t\taria-haspopup=\"dialog\"\n\t\t\taria-label=\"Enlarge\"\n\t\t\tdata-wp-init=\"callbacks.initTriggerButton\"\n\t\t\tdata-wp-on--click=\"actions.showLightbox\"\n\t\t\tdata-wp-style--right=\"state.imageButtonRight\"\n\t\t\tdata-wp-style--top=\"state.imageButtonTop\"\n\t\t>\n\t\t\t<svg xmlns=\"http:\/\/www.w3.org\/2000\/svg\" width=\"12\" height=\"12\" fill=\"none\" viewbox=\"0 0 12 12\">\n\t\t\t\t<path fill=\"#fff\" d=\"M2 0a2 2 0 0 0-2 2v2h1.5V2a.5.5 0 0 1 .5-.5h2V0H2Zm2 10.5H2a.5.5 0 0 1-.5-.5V8H0v2a2 2 0 0 0 2 2h2v-1.5ZM8 12v-1.5h2a.5.5 0 0 0 .5-.5V8H12v2a2 2 0 0 1-2 2H8Zm2-12a2 2 0 0 1 2 2v2h-1.5V2a.5.5 0 0 0-.5-.5H8V0h2Z\" \/>\n\t\t\t<\/svg>\n\t\t<\/button><\/figure>\n\n\n\n<figure data-wp-context=\"{&quot;imageId&quot;:&quot;69e376def1885&quot;}\" data-wp-interactive=\"core\/image\" data-wp-key=\"69e376def1885\" class=\"wp-block-image size-large wp-lightbox-container\"><img loading=\"lazy\" decoding=\"async\" width=\"683\" height=\"1024\" data-wp-class--hide=\"state.isContentHidden\" data-wp-class--show=\"state.isContentVisible\" data-wp-init=\"callbacks.setButtonStyles\" data-wp-on--click=\"actions.showLightbox\" data-wp-on--load=\"callbacks.setButtonStyles\" data-wp-on-window--resize=\"callbacks.setButtonStyles\" src=\"https:\/\/norkke.ee\/wp-content\/uploads\/2024\/06\/HUU09851re-ai1-683x1024.jpg\" alt=\"\" class=\"wp-image-435\" srcset=\"https:\/\/norkke.ee\/wp-content\/uploads\/2024\/06\/HUU09851re-ai1-683x1024.jpg 683w, https:\/\/norkke.ee\/wp-content\/uploads\/2024\/06\/HUU09851re-ai1-200x300.jpg 200w, https:\/\/norkke.ee\/wp-content\/uploads\/2024\/06\/HUU09851re-ai1-768x1152.jpg 768w, https:\/\/norkke.ee\/wp-content\/uploads\/2024\/06\/HUU09851re-ai1-1024x1536.jpg 1024w, https:\/\/norkke.ee\/wp-content\/uploads\/2024\/06\/HUU09851re-ai1-1365x2048.jpg 1365w, https:\/\/norkke.ee\/wp-content\/uploads\/2024\/06\/HUU09851re-ai1-8x12.jpg 8w, https:\/\/norkke.ee\/wp-content\/uploads\/2024\/06\/HUU09851re-ai1.jpg 1375w\" sizes=\"auto, (max-width: 683px) 100vw, 683px\" \/><button\n\t\t\tclass=\"lightbox-trigger\"\n\t\t\ttype=\"button\"\n\t\t\taria-haspopup=\"dialog\"\n\t\t\taria-label=\"Enlarge\"\n\t\t\tdata-wp-init=\"callbacks.initTriggerButton\"\n\t\t\tdata-wp-on--click=\"actions.showLightbox\"\n\t\t\tdata-wp-style--right=\"state.imageButtonRight\"\n\t\t\tdata-wp-style--top=\"state.imageButtonTop\"\n\t\t>\n\t\t\t<svg xmlns=\"http:\/\/www.w3.org\/2000\/svg\" width=\"12\" height=\"12\" fill=\"none\" viewbox=\"0 0 12 12\">\n\t\t\t\t<path fill=\"#fff\" d=\"M2 0a2 2 0 0 0-2 2v2h1.5V2a.5.5 0 0 1 .5-.5h2V0H2Zm2 10.5H2a.5.5 0 0 1-.5-.5V8H0v2a2 2 0 0 0 2 2h2v-1.5ZM8 12v-1.5h2a.5.5 0 0 0 .5-.5V8H12v2a2 2 0 0 1-2 2H8Zm2-12a2 2 0 0 1 2 2v2h-1.5V2a.5.5 0 0 0-.5-.5H8V0h2Z\" \/>\n\t\t\t<\/svg>\n\t\t<\/button><\/figure>\n\n\n\n<p>PURE Sauna exterior is finished with thermally treated pine cladding which is very durable to weather elements and long lasting. Deep brown colour of the cladding blends in nicely with nature and environment.<\/p>\n\n\n\n<figure class=\"wp-block-image size-full\"><img loading=\"lazy\" decoding=\"async\" width=\"1000\" height=\"1000\" src=\"https:\/\/norkke.ee\/wp-content\/uploads\/2023\/12\/HUUM_Pure_sauna_black-handle.png\" alt=\"\" class=\"wp-image-297\" srcset=\"https:\/\/norkke.ee\/wp-content\/uploads\/2023\/12\/HUUM_Pure_sauna_black-handle.png 1000w, https:\/\/norkke.ee\/wp-content\/uploads\/2023\/12\/HUUM_Pure_sauna_black-handle-300x300.png 300w, https:\/\/norkke.ee\/wp-content\/uploads\/2023\/12\/HUUM_Pure_sauna_black-handle-150x150.png 150w, https:\/\/norkke.ee\/wp-content\/uploads\/2023\/12\/HUUM_Pure_sauna_black-handle-768x768.png 768w, https:\/\/norkke.ee\/wp-content\/uploads\/2023\/12\/HUUM_Pure_sauna_black-handle-12x12.png 12w, https:\/\/norkke.ee\/wp-content\/uploads\/2023\/12\/HUUM_Pure_sauna_black-handle-100x100.png 100w\" sizes=\"auto, (max-width: 767px) 89vw, (max-width: 1000px) 54vw, (max-width: 1071px) 543px, 580px\" \/><\/figure>\n\n\n\n<p>Window and door glasses are tempered and grey tone reflects back the outside elements and adds privacy inside. For fully shielded privacy we have also spy-mirror glass available.<\/p>\n\n\n\n<figure class=\"wp-block-image size-full\"><img loading=\"lazy\" decoding=\"async\" width=\"1000\" height=\"1000\" src=\"https:\/\/norkke.ee\/wp-content\/uploads\/2024\/02\/Norkke-Pure-Sauna-HUUM-Core-heater-black-winter-1000x1000-2.jpg\" alt=\"\" class=\"wp-image-352\" srcset=\"https:\/\/norkke.ee\/wp-content\/uploads\/2024\/02\/Norkke-Pure-Sauna-HUUM-Core-heater-black-winter-1000x1000-2.jpg 1000w, https:\/\/norkke.ee\/wp-content\/uploads\/2024\/02\/Norkke-Pure-Sauna-HUUM-Core-heater-black-winter-1000x1000-2-300x300.jpg 300w, https:\/\/norkke.ee\/wp-content\/uploads\/2024\/02\/Norkke-Pure-Sauna-HUUM-Core-heater-black-winter-1000x1000-2-150x150.jpg 150w, https:\/\/norkke.ee\/wp-content\/uploads\/2024\/02\/Norkke-Pure-Sauna-HUUM-Core-heater-black-winter-1000x1000-2-768x768.jpg 768w, https:\/\/norkke.ee\/wp-content\/uploads\/2024\/02\/Norkke-Pure-Sauna-HUUM-Core-heater-black-winter-1000x1000-2-12x12.jpg 12w, https:\/\/norkke.ee\/wp-content\/uploads\/2024\/02\/Norkke-Pure-Sauna-HUUM-Core-heater-black-winter-1000x1000-2-100x100.jpg 100w\" sizes=\"auto, (max-width: 767px) 89vw, (max-width: 1000px) 54vw, (max-width: 1071px) 543px, 580px\" \/><\/figure>\n\n\n\n<p>PURE Sauna is equipped with HUUM`state of the art electric heaters and UKU app-controllable system. You can switch on your sauna conveniently from your smart phone and the sauna is always ready when you need it.<\/p>\n\n\n\n<figure class=\"wp-block-image size-large\"><a href=\"https:\/\/huum.ee\/saunakerised-ja-sauna-juhtpuldid\/\"><img loading=\"lazy\" decoding=\"async\" width=\"1024\" height=\"307\" src=\"https:\/\/norkke.ee\/wp-content\/uploads\/2024\/02\/Huum-systems-1024x307.jpg\" alt=\"\" class=\"wp-image-355\" srcset=\"https:\/\/norkke.ee\/wp-content\/uploads\/2024\/02\/Huum-systems-1024x307.jpg 1024w, https:\/\/norkke.ee\/wp-content\/uploads\/2024\/02\/Huum-systems-300x90.jpg 300w, https:\/\/norkke.ee\/wp-content\/uploads\/2024\/02\/Huum-systems-768x230.jpg 768w, https:\/\/norkke.ee\/wp-content\/uploads\/2024\/02\/Huum-systems-1536x461.jpg 1536w, https:\/\/norkke.ee\/wp-content\/uploads\/2024\/02\/Huum-systems-18x5.jpg 18w, https:\/\/norkke.ee\/wp-content\/uploads\/2024\/02\/Huum-systems.jpg 2000w\" sizes=\"auto, (max-width: 767px) 89vw, (max-width: 1000px) 54vw, (max-width: 1071px) 543px, 580px\" \/><\/a><\/figure>\n\n\n\n<figure class=\"wp-block-image size-full\"><img loading=\"lazy\" decoding=\"async\" width=\"1000\" height=\"1000\" src=\"https:\/\/norkke.ee\/wp-content\/uploads\/2024\/02\/Norkke-Pure-Sauna-HUUM-Core-heater-1000x1000-1.jpg\" alt=\"\" class=\"wp-image-353\" srcset=\"https:\/\/norkke.ee\/wp-content\/uploads\/2024\/02\/Norkke-Pure-Sauna-HUUM-Core-heater-1000x1000-1.jpg 1000w, https:\/\/norkke.ee\/wp-content\/uploads\/2024\/02\/Norkke-Pure-Sauna-HUUM-Core-heater-1000x1000-1-300x300.jpg 300w, https:\/\/norkke.ee\/wp-content\/uploads\/2024\/02\/Norkke-Pure-Sauna-HUUM-Core-heater-1000x1000-1-150x150.jpg 150w, https:\/\/norkke.ee\/wp-content\/uploads\/2024\/02\/Norkke-Pure-Sauna-HUUM-Core-heater-1000x1000-1-768x768.jpg 768w, https:\/\/norkke.ee\/wp-content\/uploads\/2024\/02\/Norkke-Pure-Sauna-HUUM-Core-heater-1000x1000-1-12x12.jpg 12w, https:\/\/norkke.ee\/wp-content\/uploads\/2024\/02\/Norkke-Pure-Sauna-HUUM-Core-heater-1000x1000-1-100x100.jpg 100w\" sizes=\"auto, (max-width: 767px) 89vw, (max-width: 1000px) 54vw, (max-width: 1071px) 543px, 580px\" \/><\/figure>\n\n\n\n<figure class=\"wp-block-image size-full\"><img loading=\"lazy\" decoding=\"async\" width=\"1000\" height=\"1000\" src=\"https:\/\/norkke.ee\/wp-content\/uploads\/2024\/02\/Norkke-Pure-Sauna-Huum-Drop-heater-1000x1000-1.jpg\" alt=\"\" class=\"wp-image-348\" srcset=\"https:\/\/norkke.ee\/wp-content\/uploads\/2024\/02\/Norkke-Pure-Sauna-Huum-Drop-heater-1000x1000-1.jpg 1000w, https:\/\/norkke.ee\/wp-content\/uploads\/2024\/02\/Norkke-Pure-Sauna-Huum-Drop-heater-1000x1000-1-300x300.jpg 300w, https:\/\/norkke.ee\/wp-content\/uploads\/2024\/02\/Norkke-Pure-Sauna-Huum-Drop-heater-1000x1000-1-150x150.jpg 150w, https:\/\/norkke.ee\/wp-content\/uploads\/2024\/02\/Norkke-Pure-Sauna-Huum-Drop-heater-1000x1000-1-768x768.jpg 768w, https:\/\/norkke.ee\/wp-content\/uploads\/2024\/02\/Norkke-Pure-Sauna-Huum-Drop-heater-1000x1000-1-12x12.jpg 12w, https:\/\/norkke.ee\/wp-content\/uploads\/2024\/02\/Norkke-Pure-Sauna-Huum-Drop-heater-1000x1000-1-100x100.jpg 100w\" sizes=\"auto, (max-width: 767px) 89vw, (max-width: 1000px) 54vw, (max-width: 1071px) 543px, 580px\" \/><\/figure>\n\n\n\n<p>For authentic traditional sauna lovers Norkke Pure sauna can also be equipped with a wood-burning stove. For this we offer HUUM`s new Hive Flow which is energy efficient and beautifully designed.<\/p>\n\n\n\n<figure class=\"wp-block-gallery has-nested-images columns-default is-cropped wp-block-gallery-1 is-layout-flex wp-block-gallery-is-layout-flex\">\n<figure data-wp-context=\"{&quot;imageId&quot;:&quot;69e376def1d0d&quot;}\" data-wp-interactive=\"core\/image\" data-wp-key=\"69e376def1d0d\" class=\"wp-block-image size-large wp-lightbox-container\"><img loading=\"lazy\" decoding=\"async\" width=\"1024\" height=\"1024\" data-wp-class--hide=\"state.isContentHidden\" data-wp-class--show=\"state.isContentVisible\" data-wp-init=\"callbacks.setButtonStyles\" data-wp-on--click=\"actions.showLightbox\" data-wp-on--load=\"callbacks.setButtonStyles\" data-wp-on-window--resize=\"callbacks.setButtonStyles\" data-id=\"443\" src=\"https:\/\/norkke.ee\/wp-content\/uploads\/2024\/12\/Flow-3-1024x1024.jpg\" alt=\"\" class=\"wp-image-443\" srcset=\"https:\/\/norkke.ee\/wp-content\/uploads\/2024\/12\/Flow-3-1024x1024.jpg 1024w, https:\/\/norkke.ee\/wp-content\/uploads\/2024\/12\/Flow-3-300x300.jpg 300w, https:\/\/norkke.ee\/wp-content\/uploads\/2024\/12\/Flow-3-150x150.jpg 150w, https:\/\/norkke.ee\/wp-content\/uploads\/2024\/12\/Flow-3-768x768.jpg 768w, https:\/\/norkke.ee\/wp-content\/uploads\/2024\/12\/Flow-3-12x12.jpg 12w, https:\/\/norkke.ee\/wp-content\/uploads\/2024\/12\/Flow-3-100x100.jpg 100w, https:\/\/norkke.ee\/wp-content\/uploads\/2024\/12\/Flow-3.jpg 1200w\" sizes=\"auto, (max-width: 767px) 89vw, (max-width: 1000px) 54vw, (max-width: 1071px) 543px, 580px\" \/><button\n\t\t\tclass=\"lightbox-trigger\"\n\t\t\ttype=\"button\"\n\t\t\taria-haspopup=\"dialog\"\n\t\t\taria-label=\"Enlarge\"\n\t\t\tdata-wp-init=\"callbacks.initTriggerButton\"\n\t\t\tdata-wp-on--click=\"actions.showLightbox\"\n\t\t\tdata-wp-style--right=\"state.imageButtonRight\"\n\t\t\tdata-wp-style--top=\"state.imageButtonTop\"\n\t\t>\n\t\t\t<svg xmlns=\"http:\/\/www.w3.org\/2000\/svg\" width=\"12\" height=\"12\" fill=\"none\" viewbox=\"0 0 12 12\">\n\t\t\t\t<path fill=\"#fff\" d=\"M2 0a2 2 0 0 0-2 2v2h1.5V2a.5.5 0 0 1 .5-.5h2V0H2Zm2 10.5H2a.5.5 0 0 1-.5-.5V8H0v2a2 2 0 0 0 2 2h2v-1.5ZM8 12v-1.5h2a.5.5 0 0 0 .5-.5V8H12v2a2 2 0 0 1-2 2H8Zm2-12a2 2 0 0 1 2 2v2h-1.5V2a.5.5 0 0 0-.5-.5H8V0h2Z\" \/>\n\t\t\t<\/svg>\n\t\t<\/button><\/figure>\n\n\n\n<figure data-wp-context=\"{&quot;imageId&quot;:&quot;69e376def1e70&quot;}\" data-wp-interactive=\"core\/image\" data-wp-key=\"69e376def1e70\" class=\"wp-block-image size-large wp-lightbox-container\"><img loading=\"lazy\" decoding=\"async\" width=\"1024\" height=\"1024\" data-wp-class--hide=\"state.isContentHidden\" data-wp-class--show=\"state.isContentVisible\" data-wp-init=\"callbacks.setButtonStyles\" data-wp-on--click=\"actions.showLightbox\" data-wp-on--load=\"callbacks.setButtonStyles\" data-wp-on-window--resize=\"callbacks.setButtonStyles\" data-id=\"442\" src=\"https:\/\/norkke.ee\/wp-content\/uploads\/2024\/12\/Flow-5-1024x1024.jpg\" alt=\"\" class=\"wp-image-442\" srcset=\"https:\/\/norkke.ee\/wp-content\/uploads\/2024\/12\/Flow-5-1024x1024.jpg 1024w, https:\/\/norkke.ee\/wp-content\/uploads\/2024\/12\/Flow-5-300x300.jpg 300w, https:\/\/norkke.ee\/wp-content\/uploads\/2024\/12\/Flow-5-150x150.jpg 150w, https:\/\/norkke.ee\/wp-content\/uploads\/2024\/12\/Flow-5-768x768.jpg 768w, https:\/\/norkke.ee\/wp-content\/uploads\/2024\/12\/Flow-5-12x12.jpg 12w, https:\/\/norkke.ee\/wp-content\/uploads\/2024\/12\/Flow-5-100x100.jpg 100w, https:\/\/norkke.ee\/wp-content\/uploads\/2024\/12\/Flow-5.jpg 1200w\" sizes=\"auto, (max-width: 767px) 89vw, (max-width: 1000px) 54vw, (max-width: 1071px) 543px, 580px\" \/><button\n\t\t\tclass=\"lightbox-trigger\"\n\t\t\ttype=\"button\"\n\t\t\taria-haspopup=\"dialog\"\n\t\t\taria-label=\"Enlarge\"\n\t\t\tdata-wp-init=\"callbacks.initTriggerButton\"\n\t\t\tdata-wp-on--click=\"actions.showLightbox\"\n\t\t\tdata-wp-style--right=\"state.imageButtonRight\"\n\t\t\tdata-wp-style--top=\"state.imageButtonTop\"\n\t\t>\n\t\t\t<svg xmlns=\"http:\/\/www.w3.org\/2000\/svg\" width=\"12\" height=\"12\" fill=\"none\" viewbox=\"0 0 12 12\">\n\t\t\t\t<path fill=\"#fff\" d=\"M2 0a2 2 0 0 0-2 2v2h1.5V2a.5.5 0 0 1 .5-.5h2V0H2Zm2 10.5H2a.5.5 0 0 1-.5-.5V8H0v2a2 2 0 0 0 2 2h2v-1.5ZM8 12v-1.5h2a.5.5 0 0 0 .5-.5V8H12v2a2 2 0 0 1-2 2H8Zm2-12a2 2 0 0 1 2 2v2h-1.5V2a.5.5 0 0 0-.5-.5H8V0h2Z\" \/>\n\t\t\t<\/svg>\n\t\t<\/button><\/figure>\n<\/figure>\n\n\n\n<p>For interior you can choose from natural aspen, thermo-aspen, alder or thermo-radiata pine - each option has a unique colour and tone creating a very inviting and stylish atmosphere inside. Floor is stained black and ties up the room with intriguing contrast.<\/p>\n\n\n\n<figure class=\"wp-block-image size-large\"><img loading=\"lazy\" decoding=\"async\" width=\"1024\" height=\"259\" src=\"https:\/\/norkke.ee\/wp-content\/uploads\/2024\/12\/4-wood-options-new-1024x259.jpg\" alt=\"\" class=\"wp-image-438\" srcset=\"https:\/\/norkke.ee\/wp-content\/uploads\/2024\/12\/4-wood-options-new-1024x259.jpg 1024w, https:\/\/norkke.ee\/wp-content\/uploads\/2024\/12\/4-wood-options-new-300x76.jpg 300w, https:\/\/norkke.ee\/wp-content\/uploads\/2024\/12\/4-wood-options-new-768x194.jpg 768w, https:\/\/norkke.ee\/wp-content\/uploads\/2024\/12\/4-wood-options-new-1536x389.jpg 1536w, https:\/\/norkke.ee\/wp-content\/uploads\/2024\/12\/4-wood-options-new-2048x518.jpg 2048w, https:\/\/norkke.ee\/wp-content\/uploads\/2024\/12\/4-wood-options-new-18x5.jpg 18w\" sizes=\"auto, (max-width: 767px) 89vw, (max-width: 1000px) 54vw, (max-width: 1071px) 543px, 580px\" \/><\/figure>\n\n\n\n<p>Sauna seats match the wall materials and comfortably seat 3 persons. Top seat is wide and long enough for laying down also.<\/p>\n\n\n\n<figure class=\"wp-block-image size-full\"><img loading=\"lazy\" decoding=\"async\" width=\"1000\" height=\"1000\" src=\"https:\/\/norkke.ee\/wp-content\/uploads\/2023\/12\/HUUM_Pure_sauna_1000x1000px_04.png\" alt=\"\" class=\"wp-image-284\" srcset=\"https:\/\/norkke.ee\/wp-content\/uploads\/2023\/12\/HUUM_Pure_sauna_1000x1000px_04.png 1000w, https:\/\/norkke.ee\/wp-content\/uploads\/2023\/12\/HUUM_Pure_sauna_1000x1000px_04-300x300.png 300w, https:\/\/norkke.ee\/wp-content\/uploads\/2023\/12\/HUUM_Pure_sauna_1000x1000px_04-150x150.png 150w, https:\/\/norkke.ee\/wp-content\/uploads\/2023\/12\/HUUM_Pure_sauna_1000x1000px_04-768x768.png 768w, https:\/\/norkke.ee\/wp-content\/uploads\/2023\/12\/HUUM_Pure_sauna_1000x1000px_04-12x12.png 12w, https:\/\/norkke.ee\/wp-content\/uploads\/2023\/12\/HUUM_Pure_sauna_1000x1000px_04-100x100.png 100w\" sizes=\"auto, (max-width: 767px) 89vw, (max-width: 1000px) 54vw, (max-width: 1071px) 543px, 580px\" \/><\/figure>\n\n\n\n<p>Sauna has LED lights hidden behind the backrest. Lights are warm white as standard and controlled from the UKU system without the need for physical extra remote. RGB colours and effects are available upon request.<\/p>\n\n\n\n<figure class=\"wp-block-image size-large\"><img loading=\"lazy\" decoding=\"async\" width=\"1024\" height=\"1024\" src=\"https:\/\/norkke.ee\/wp-content\/uploads\/2024\/02\/backrest-1024x1024.jpg\" alt=\"\" class=\"wp-image-357\" srcset=\"https:\/\/norkke.ee\/wp-content\/uploads\/2024\/02\/backrest-1024x1024.jpg 1024w, https:\/\/norkke.ee\/wp-content\/uploads\/2024\/02\/backrest-300x300.jpg 300w, https:\/\/norkke.ee\/wp-content\/uploads\/2024\/02\/backrest-150x150.jpg 150w, https:\/\/norkke.ee\/wp-content\/uploads\/2024\/02\/backrest-768x768.jpg 768w, https:\/\/norkke.ee\/wp-content\/uploads\/2024\/02\/backrest-1536x1536.jpg 1536w, https:\/\/norkke.ee\/wp-content\/uploads\/2024\/02\/backrest-12x12.jpg 12w, https:\/\/norkke.ee\/wp-content\/uploads\/2024\/02\/backrest-100x100.jpg 100w, https:\/\/norkke.ee\/wp-content\/uploads\/2024\/02\/backrest.jpg 2000w\" sizes=\"auto, (max-width: 767px) 89vw, (max-width: 1000px) 54vw, (max-width: 1071px) 543px, 580px\" \/><\/figure>\n\n\n\n<figure class=\"wp-block-image size-full\"><img loading=\"lazy\" decoding=\"async\" width=\"1000\" height=\"1000\" src=\"https:\/\/norkke.ee\/wp-content\/uploads\/2023\/12\/HUUM_Pure_sauna_1000x1000px_01.png\" alt=\"\" class=\"wp-image-283\" srcset=\"https:\/\/norkke.ee\/wp-content\/uploads\/2023\/12\/HUUM_Pure_sauna_1000x1000px_01.png 1000w, https:\/\/norkke.ee\/wp-content\/uploads\/2023\/12\/HUUM_Pure_sauna_1000x1000px_01-300x300.png 300w, https:\/\/norkke.ee\/wp-content\/uploads\/2023\/12\/HUUM_Pure_sauna_1000x1000px_01-150x150.png 150w, https:\/\/norkke.ee\/wp-content\/uploads\/2023\/12\/HUUM_Pure_sauna_1000x1000px_01-768x768.png 768w, https:\/\/norkke.ee\/wp-content\/uploads\/2023\/12\/HUUM_Pure_sauna_1000x1000px_01-12x12.png 12w, https:\/\/norkke.ee\/wp-content\/uploads\/2023\/12\/HUUM_Pure_sauna_1000x1000px_01-100x100.png 100w\" sizes=\"auto, (max-width: 767px) 89vw, (max-width: 1000px) 54vw, (max-width: 1071px) 543px, 580px\" \/><\/figure>\n\n\n\n<p>PURE sauna is easy to fit into various locations thanks to its compact outside dimensions.<\/p>\n\n\n\n<figure class=\"wp-block-image size-large\"><img loading=\"lazy\" decoding=\"async\" width=\"1024\" height=\"666\" src=\"https:\/\/norkke.ee\/wp-content\/uploads\/2024\/02\/Norkke-PURE-Top-view-black-w-dim-1024x666.png\" alt=\"\" class=\"wp-image-351\" srcset=\"https:\/\/norkke.ee\/wp-content\/uploads\/2024\/02\/Norkke-PURE-Top-view-black-w-dim-1024x666.png 1024w, https:\/\/norkke.ee\/wp-content\/uploads\/2024\/02\/Norkke-PURE-Top-view-black-w-dim-300x195.png 300w, https:\/\/norkke.ee\/wp-content\/uploads\/2024\/02\/Norkke-PURE-Top-view-black-w-dim-768x499.png 768w, https:\/\/norkke.ee\/wp-content\/uploads\/2024\/02\/Norkke-PURE-Top-view-black-w-dim-1536x999.png 1536w, https:\/\/norkke.ee\/wp-content\/uploads\/2024\/02\/Norkke-PURE-Top-view-black-w-dim-2048x1332.png 2048w, https:\/\/norkke.ee\/wp-content\/uploads\/2024\/02\/Norkke-PURE-Top-view-black-w-dim-18x12.png 18w\" sizes=\"auto, (max-width: 767px) 89vw, (max-width: 1000px) 54vw, (max-width: 1071px) 543px, 580px\" \/><\/figure>\n\n\n\n<figure class=\"wp-block-image size-large\"><img loading=\"lazy\" decoding=\"async\" width=\"1024\" height=\"576\" src=\"https:\/\/norkke.ee\/wp-content\/uploads\/2024\/02\/Norkke-PURE-Sauna-2-views-dim-1024x576.png\" alt=\"\" class=\"wp-image-350\" srcset=\"https:\/\/norkke.ee\/wp-content\/uploads\/2024\/02\/Norkke-PURE-Sauna-2-views-dim-1024x576.png 1024w, https:\/\/norkke.ee\/wp-content\/uploads\/2024\/02\/Norkke-PURE-Sauna-2-views-dim-300x169.png 300w, https:\/\/norkke.ee\/wp-content\/uploads\/2024\/02\/Norkke-PURE-Sauna-2-views-dim-768x432.png 768w, https:\/\/norkke.ee\/wp-content\/uploads\/2024\/02\/Norkke-PURE-Sauna-2-views-dim-1536x864.png 1536w, https:\/\/norkke.ee\/wp-content\/uploads\/2024\/02\/Norkke-PURE-Sauna-2-views-dim-2048x1152.png 2048w, https:\/\/norkke.ee\/wp-content\/uploads\/2024\/02\/Norkke-PURE-Sauna-2-views-dim-18x10.png 18w\" sizes=\"auto, (max-width: 767px) 89vw, (max-width: 1000px) 54vw, (max-width: 1071px) 543px, 580px\" \/><\/figure>\n\n\n\n<p>Pure XL sauna is easy to fit into various locations thanks to its compact outside dimensions. You will only need 4 levelled support points for the sauna \u2013 one for each corner of sauna. <\/p>\n\n\n\n<p><\/p>","protected":false},"excerpt":{"rendered":"<p>Minimalistlik saun \u00fcleni klaasist esifassaadiga. Naudi segamatuid vaateid \u00fcmbritsevasse loodusesse v\u00f5i oma aeda koos l\u00f5\u00f5gastava saunaelamusega. Hind alates: 8590 \u20ac + KM&nbsp; PURE Sauna v\u00e4lisfassaad on kaetud vertikaalselt asetseva termot\u00f6\u00f6deldud m\u00e4nnipuust voodrilauaga. Termot\u00f6\u00f6tlus annab puidule v\u00e4ga hea vastupidavuse ilmastikum\u00f5judele ning lisaks ka naturaalse s\u00fcgava pruuni tooni, mis sulandub h\u00e4sti \u00fcmbritseva keskkonnaga. Akna- ja ukseklaasid on &hellip; <\/p>\n<p class=\"link-more\"><a href=\"https:\/\/norkke.ee\/en\/pure-saun\/\" class=\"more-link\">Continue reading<span class=\"screen-reader-text\"> &#8220;PURE Saun&#8221;<\/span><\/a><\/p>","protected":false},"author":1,"featured_media":0,"parent":0,"menu_order":0,"comment_status":"closed","ping_status":"closed","template":"","meta":{"footnotes":""},"class_list":["post-277","page","type-page","status-publish","hentry"],"_links":{"self":[{"href":"https:\/\/norkke.ee\/en\/wp-json\/wp\/v2\/pages\/277","targetHints":{"allow":["GET"]}}],"collection":[{"href":"https:\/\/norkke.ee\/en\/wp-json\/wp\/v2\/pages"}],"about":[{"href":"https:\/\/norkke.ee\/en\/wp-json\/wp\/v2\/types\/page"}],"author":[{"embeddable":true,"href":"https:\/\/norkke.ee\/en\/wp-json\/wp\/v2\/users\/1"}],"replies":[{"embeddable":true,"href":"https:\/\/norkke.ee\/en\/wp-json\/wp\/v2\/comments?post=277"}],"version-history":[{"count":18,"href":"https:\/\/norkke.ee\/en\/wp-json\/wp\/v2\/pages\/277\/revisions"}],"predecessor-version":[{"id":454,"href":"https:\/\/norkke.ee\/en\/wp-json\/wp\/v2\/pages\/277\/revisions\/454"}],"wp:attachment":[{"href":"https:\/\/norkke.ee\/en\/wp-json\/wp\/v2\/media?parent=277"}],"curies":[{"name":"wp","href":"https:\/\/api.w.org\/{rel}","templated":true}]}}