{"id":374,"date":"2024-04-17T12:07:52","date_gmt":"2024-04-17T12:07:52","guid":{"rendered":"https:\/\/norkke.ee\/?page_id=374"},"modified":"2026-03-01T14:16:47","modified_gmt":"2026-03-01T14:16:47","slug":"den-saun","status":"publish","type":"page","link":"https:\/\/norkke.ee\/en\/den-saun\/","title":{"rendered":"DEN SAUN"},"content":{"rendered":"<p><\/p>\n\n\n\n<p>Discover the all-new Norkke DEN Sauna. Your retreat from the fast paced busy world. DEN is the place to unwind and enjoy. Step in, close the door and enter your own little world of ultimate relaxation. Rest your mind and refresh your body with a new kind of sauna experience.<\/p>\n\n\n\n<p><strong>Contact us for price inquiry: info@norkke.ee<\/strong><\/p>\n\n\n\n<figure class=\"wp-block-image size-full\"><img loading=\"lazy\" decoding=\"async\" width=\"1636\" height=\"1091\" src=\"https:\/\/norkke.ee\/wp-content\/uploads\/2024\/12\/NORKKE-detsember-2024-14-1.jpg\" alt=\"\" class=\"wp-image-461\" srcset=\"https:\/\/norkke.ee\/wp-content\/uploads\/2024\/12\/NORKKE-detsember-2024-14-1.jpg 1636w, https:\/\/norkke.ee\/wp-content\/uploads\/2024\/12\/NORKKE-detsember-2024-14-1-300x200.jpg 300w, https:\/\/norkke.ee\/wp-content\/uploads\/2024\/12\/NORKKE-detsember-2024-14-1-1024x683.jpg 1024w, https:\/\/norkke.ee\/wp-content\/uploads\/2024\/12\/NORKKE-detsember-2024-14-1-768x512.jpg 768w, https:\/\/norkke.ee\/wp-content\/uploads\/2024\/12\/NORKKE-detsember-2024-14-1-1536x1024.jpg 1536w, https:\/\/norkke.ee\/wp-content\/uploads\/2024\/12\/NORKKE-detsember-2024-14-1-18x12.jpg 18w\" sizes=\"auto, (max-width: 767px) 89vw, (max-width: 1000px) 54vw, (max-width: 1071px) 543px, 580px\" \/><\/figure>\n\n\n\n<figure class=\"wp-block-image size-large\"><img loading=\"lazy\" decoding=\"async\" width=\"768\" height=\"1024\" src=\"https:\/\/norkke.ee\/wp-content\/uploads\/2024\/04\/Norkke-Den-Sauna-white-bc-768x1024.jpg\" alt=\"\" class=\"wp-image-377\" srcset=\"https:\/\/norkke.ee\/wp-content\/uploads\/2024\/04\/Norkke-Den-Sauna-white-bc-768x1024.jpg 768w, https:\/\/norkke.ee\/wp-content\/uploads\/2024\/04\/Norkke-Den-Sauna-white-bc-225x300.jpg 225w, https:\/\/norkke.ee\/wp-content\/uploads\/2024\/04\/Norkke-Den-Sauna-white-bc-9x12.jpg 9w, https:\/\/norkke.ee\/wp-content\/uploads\/2024\/04\/Norkke-Den-Sauna-white-bc.jpg 1036w\" sizes=\"auto, (max-width: 767px) 89vw, (max-width: 1000px) 54vw, (max-width: 1071px) 543px, 580px\" \/><\/figure>\n\n\n\n<p>The V-shaped windows are high enough to shield you from the outside eyes yet will still let in the sunlight and enable you to look at the surroundings.<\/p>\n\n\n\n<figure class=\"wp-block-image size-full\"><img loading=\"lazy\" decoding=\"async\" width=\"1036\" height=\"1382\" src=\"https:\/\/norkke.ee\/wp-content\/uploads\/2024\/04\/Norkke-Den-Sauna-interior-10.jpg\" alt=\"\" class=\"wp-image-378\" srcset=\"https:\/\/norkke.ee\/wp-content\/uploads\/2024\/04\/Norkke-Den-Sauna-interior-10.jpg 1036w, https:\/\/norkke.ee\/wp-content\/uploads\/2024\/04\/Norkke-Den-Sauna-interior-10-225x300.jpg 225w, https:\/\/norkke.ee\/wp-content\/uploads\/2024\/04\/Norkke-Den-Sauna-interior-10-768x1024.jpg 768w, https:\/\/norkke.ee\/wp-content\/uploads\/2024\/04\/Norkke-Den-Sauna-interior-10-9x12.jpg 9w\" sizes=\"auto, (max-width: 767px) 89vw, (max-width: 1000px) 54vw, (max-width: 1071px) 543px, 580px\" \/><\/figure>\n\n\n\n<figure class=\"wp-block-image size-full\"><img loading=\"lazy\" decoding=\"async\" width=\"990\" height=\"1350\" src=\"https:\/\/norkke.ee\/wp-content\/uploads\/2024\/04\/Norkke-Den-Sauna-interior-2.jpg\" alt=\"\" class=\"wp-image-379\" srcset=\"https:\/\/norkke.ee\/wp-content\/uploads\/2024\/04\/Norkke-Den-Sauna-interior-2.jpg 990w, https:\/\/norkke.ee\/wp-content\/uploads\/2024\/04\/Norkke-Den-Sauna-interior-2-220x300.jpg 220w, https:\/\/norkke.ee\/wp-content\/uploads\/2024\/04\/Norkke-Den-Sauna-interior-2-751x1024.jpg 751w, https:\/\/norkke.ee\/wp-content\/uploads\/2024\/04\/Norkke-Den-Sauna-interior-2-768x1047.jpg 768w, https:\/\/norkke.ee\/wp-content\/uploads\/2024\/04\/Norkke-Den-Sauna-interior-2-9x12.jpg 9w\" sizes=\"auto, (max-width: 767px) 89vw, (max-width: 1000px) 54vw, (max-width: 1071px) 543px, 580px\" \/><\/figure>\n\n\n\n<p>Two facing sauna benches comfortably fit 6 people while seated or 2 while laying down. Sauna interior is cozy and ideal for retreating into your own bubble switching off from the outside world. DEN is spacious and fits well for couples and families as well as groups of friends for enjoying the sauna experience.<\/p>\n\n\n\n<figure class=\"wp-block-image size-full\"><img loading=\"lazy\" decoding=\"async\" width=\"1036\" height=\"1382\" src=\"https:\/\/norkke.ee\/wp-content\/uploads\/2024\/04\/PS-interior-9.jpg\" alt=\"\" class=\"wp-image-381\" srcset=\"https:\/\/norkke.ee\/wp-content\/uploads\/2024\/04\/PS-interior-9.jpg 1036w, https:\/\/norkke.ee\/wp-content\/uploads\/2024\/04\/PS-interior-9-225x300.jpg 225w, https:\/\/norkke.ee\/wp-content\/uploads\/2024\/04\/PS-interior-9-768x1024.jpg 768w, https:\/\/norkke.ee\/wp-content\/uploads\/2024\/04\/PS-interior-9-9x12.jpg 9w\" sizes=\"auto, (max-width: 767px) 89vw, (max-width: 1000px) 54vw, (max-width: 1071px) 543px, 580px\" \/><\/figure>\n\n\n\n<p>DEN Sauna is equipped with HUUM`state of the art electric heaters and UKU app-controllable system. You can switch on and set your sauna comfortably from your smart phone far away and make sure that your sauna is always ready when you need it. We have 3 excellent electric heater choices available from HUUM.<\/p>\n\n\n\n<figure class=\"wp-block-image size-large\"><a href=\"https:\/\/huum.ee\/saunakerised-ja-sauna-juhtpuldid\/\"><img loading=\"lazy\" decoding=\"async\" width=\"1024\" height=\"307\" src=\"https:\/\/norkke.ee\/wp-content\/uploads\/2024\/02\/Huum-systems-1024x307.jpg\" alt=\"\" class=\"wp-image-355\" srcset=\"https:\/\/norkke.ee\/wp-content\/uploads\/2024\/02\/Huum-systems-1024x307.jpg 1024w, https:\/\/norkke.ee\/wp-content\/uploads\/2024\/02\/Huum-systems-300x90.jpg 300w, https:\/\/norkke.ee\/wp-content\/uploads\/2024\/02\/Huum-systems-768x230.jpg 768w, https:\/\/norkke.ee\/wp-content\/uploads\/2024\/02\/Huum-systems-1536x461.jpg 1536w, https:\/\/norkke.ee\/wp-content\/uploads\/2024\/02\/Huum-systems-18x5.jpg 18w, https:\/\/norkke.ee\/wp-content\/uploads\/2024\/02\/Huum-systems.jpg 2000w\" sizes=\"auto, (max-width: 767px) 89vw, (max-width: 1000px) 54vw, (max-width: 1071px) 543px, 580px\" \/><\/a><\/figure>\n\n\n\n<p>For interior you can choose from aspen, thermo-aspen, alder or thermo-radiata pine - each option has a unique colour and tone creating a very inviting and stylish atmosphere inside. Floor is stained black and ties up the room with intriguing contrast.<\/p>\n\n\n\n<figure class=\"wp-block-image size-large\"><img loading=\"lazy\" decoding=\"async\" width=\"1024\" height=\"259\" src=\"https:\/\/norkke.ee\/wp-content\/uploads\/2024\/12\/4-wood-options-new-1024x259.jpg\" alt=\"\" class=\"wp-image-438\" srcset=\"https:\/\/norkke.ee\/wp-content\/uploads\/2024\/12\/4-wood-options-new-1024x259.jpg 1024w, https:\/\/norkke.ee\/wp-content\/uploads\/2024\/12\/4-wood-options-new-300x76.jpg 300w, https:\/\/norkke.ee\/wp-content\/uploads\/2024\/12\/4-wood-options-new-768x194.jpg 768w, https:\/\/norkke.ee\/wp-content\/uploads\/2024\/12\/4-wood-options-new-1536x389.jpg 1536w, https:\/\/norkke.ee\/wp-content\/uploads\/2024\/12\/4-wood-options-new-2048x518.jpg 2048w, https:\/\/norkke.ee\/wp-content\/uploads\/2024\/12\/4-wood-options-new-18x5.jpg 18w\" sizes=\"auto, (max-width: 767px) 89vw, (max-width: 1000px) 54vw, (max-width: 1071px) 543px, 580px\" \/><\/figure>\n\n\n\n<p>Sauna seats match the wall materials and contribute for a stylish and luxurious interior.<\/p>\n\n\n\n<figure class=\"wp-block-image size-full\"><img loading=\"lazy\" decoding=\"async\" width=\"1036\" height=\"1382\" src=\"https:\/\/norkke.ee\/wp-content\/uploads\/2024\/04\/Norkke-Den-Sauna-interior-5.jpg\" alt=\"\" class=\"wp-image-383\" srcset=\"https:\/\/norkke.ee\/wp-content\/uploads\/2024\/04\/Norkke-Den-Sauna-interior-5.jpg 1036w, https:\/\/norkke.ee\/wp-content\/uploads\/2024\/04\/Norkke-Den-Sauna-interior-5-225x300.jpg 225w, https:\/\/norkke.ee\/wp-content\/uploads\/2024\/04\/Norkke-Den-Sauna-interior-5-768x1024.jpg 768w, https:\/\/norkke.ee\/wp-content\/uploads\/2024\/04\/Norkke-Den-Sauna-interior-5-9x12.jpg 9w\" sizes=\"auto, (max-width: 767px) 89vw, (max-width: 1000px) 54vw, (max-width: 1071px) 543px, 580px\" \/><\/figure>\n\n\n\n<p>Sauna has LED lights hidden behind the backrests. Lights are warm white as standard and controlled from the UKU system without the need for physical extra remote. RGB colours and effects are available upon request.<\/p>\n\n\n\n<figure class=\"wp-block-image size-large\"><img loading=\"lazy\" decoding=\"async\" width=\"1024\" height=\"1024\" src=\"https:\/\/norkke.ee\/wp-content\/uploads\/2024\/12\/Norkke-Den-with-Huum-Hive-Mini-2-1024x1024.jpg\" alt=\"\" class=\"wp-image-458\" srcset=\"https:\/\/norkke.ee\/wp-content\/uploads\/2024\/12\/Norkke-Den-with-Huum-Hive-Mini-2-1024x1024.jpg 1024w, https:\/\/norkke.ee\/wp-content\/uploads\/2024\/12\/Norkke-Den-with-Huum-Hive-Mini-2-300x300.jpg 300w, https:\/\/norkke.ee\/wp-content\/uploads\/2024\/12\/Norkke-Den-with-Huum-Hive-Mini-2-150x150.jpg 150w, https:\/\/norkke.ee\/wp-content\/uploads\/2024\/12\/Norkke-Den-with-Huum-Hive-Mini-2-768x768.jpg 768w, https:\/\/norkke.ee\/wp-content\/uploads\/2024\/12\/Norkke-Den-with-Huum-Hive-Mini-2-12x12.jpg 12w, https:\/\/norkke.ee\/wp-content\/uploads\/2024\/12\/Norkke-Den-with-Huum-Hive-Mini-2-100x100.jpg 100w, https:\/\/norkke.ee\/wp-content\/uploads\/2024\/12\/Norkke-Den-with-Huum-Hive-Mini-2.jpg 1200w\" sizes=\"auto, (max-width: 767px) 89vw, (max-width: 1000px) 54vw, (max-width: 1071px) 543px, 580px\" \/><\/figure>\n\n\n\n<p>Sauna door is made from CLT and is equipped with a door lock.<\/p>\n\n\n\n<figure class=\"wp-block-image size-full\"><img loading=\"lazy\" decoding=\"async\" width=\"1036\" height=\"1382\" src=\"https:\/\/norkke.ee\/wp-content\/uploads\/2024\/04\/Norkke-Den-Sauna-sunset-picture-small.jpg\" alt=\"\" class=\"wp-image-385\" srcset=\"https:\/\/norkke.ee\/wp-content\/uploads\/2024\/04\/Norkke-Den-Sauna-sunset-picture-small.jpg 1036w, https:\/\/norkke.ee\/wp-content\/uploads\/2024\/04\/Norkke-Den-Sauna-sunset-picture-small-225x300.jpg 225w, https:\/\/norkke.ee\/wp-content\/uploads\/2024\/04\/Norkke-Den-Sauna-sunset-picture-small-768x1024.jpg 768w, https:\/\/norkke.ee\/wp-content\/uploads\/2024\/04\/Norkke-Den-Sauna-sunset-picture-small-9x12.jpg 9w\" sizes=\"auto, (max-width: 767px) 89vw, (max-width: 1000px) 54vw, (max-width: 1071px) 543px, 580px\" \/><\/figure>\n\n\n\n<p>DEN sauna is easy to fit into many different locations thanks to its compact outside dimensions. Even tight backyards can fit the sauna well.<\/p>\n\n\n\n<figure class=\"wp-block-image size-large\"><img loading=\"lazy\" decoding=\"async\" width=\"1024\" height=\"666\" src=\"https:\/\/norkke.ee\/wp-content\/uploads\/2024\/04\/DEN-Sauna-floor-plan-dim-hive-mini-heater-1024x666.jpg\" alt=\"\" class=\"wp-image-411\" srcset=\"https:\/\/norkke.ee\/wp-content\/uploads\/2024\/04\/DEN-Sauna-floor-plan-dim-hive-mini-heater-1024x666.jpg 1024w, https:\/\/norkke.ee\/wp-content\/uploads\/2024\/04\/DEN-Sauna-floor-plan-dim-hive-mini-heater-300x195.jpg 300w, https:\/\/norkke.ee\/wp-content\/uploads\/2024\/04\/DEN-Sauna-floor-plan-dim-hive-mini-heater-768x499.jpg 768w, https:\/\/norkke.ee\/wp-content\/uploads\/2024\/04\/DEN-Sauna-floor-plan-dim-hive-mini-heater-1536x999.jpg 1536w, https:\/\/norkke.ee\/wp-content\/uploads\/2024\/04\/DEN-Sauna-floor-plan-dim-hive-mini-heater-2048x1332.jpg 2048w, https:\/\/norkke.ee\/wp-content\/uploads\/2024\/04\/DEN-Sauna-floor-plan-dim-hive-mini-heater-18x12.jpg 18w\" sizes=\"auto, (max-width: 767px) 89vw, (max-width: 1000px) 54vw, (max-width: 1071px) 543px, 580px\" \/><\/figure>\n\n\n\n<figure class=\"wp-block-image size-large\"><img loading=\"lazy\" decoding=\"async\" width=\"1024\" height=\"576\" src=\"https:\/\/norkke.ee\/wp-content\/uploads\/2024\/04\/DEN-Sauna-front-and-side-w-dim-1024x576.jpg\" alt=\"\" class=\"wp-image-413\" srcset=\"https:\/\/norkke.ee\/wp-content\/uploads\/2024\/04\/DEN-Sauna-front-and-side-w-dim-1024x576.jpg 1024w, https:\/\/norkke.ee\/wp-content\/uploads\/2024\/04\/DEN-Sauna-front-and-side-w-dim-300x169.jpg 300w, https:\/\/norkke.ee\/wp-content\/uploads\/2024\/04\/DEN-Sauna-front-and-side-w-dim-768x432.jpg 768w, https:\/\/norkke.ee\/wp-content\/uploads\/2024\/04\/DEN-Sauna-front-and-side-w-dim-1536x864.jpg 1536w, https:\/\/norkke.ee\/wp-content\/uploads\/2024\/04\/DEN-Sauna-front-and-side-w-dim-2048x1152.jpg 2048w, https:\/\/norkke.ee\/wp-content\/uploads\/2024\/04\/DEN-Sauna-front-and-side-w-dim-18x10.jpg 18w\" sizes=\"auto, (max-width: 767px) 89vw, (max-width: 1000px) 54vw, (max-width: 1071px) 543px, 580px\" \/><\/figure>\n\n\n\n<p>Pure XL sauna is easy to fit into various locations thanks to its compact outside dimensions. You will only need 4 levelled support points for the sauna \u2013 one for each corner of sauna.<\/p>\n\n\n\n<p><\/p>","protected":false},"excerpt":{"rendered":"<p>Uus Norkke DEN Saun on l\u00f5\u00f5gastav peidupaik peale pikka t\u00f6\u00f6p\u00e4eva v\u00f5i n\u00e4dalat. Erinevalt Norkke teistest suurte akendega saunadest on DEN sauna fookus privaatse ja hubase omaette ruumi loomisel. Saun sobib h\u00e4sti tiheasustusega piirkondadesse ja v\u00e4ikestesse hoovidesse, kus soovid \u00fcmbritsevast keskkonnast rohkem eralduda. Naudi m\u00f5nusat ja t\u00e4iuslikku saunaelamust segamatult omas maailmas. Hind alates: 10990 \u20ac +KM &hellip; <\/p>\n<p class=\"link-more\"><a href=\"https:\/\/norkke.ee\/en\/den-saun\/\" class=\"more-link\">Continue reading<span class=\"screen-reader-text\"> &#8220;DEN SAUN&#8221;<\/span><\/a><\/p>","protected":false},"author":1,"featured_media":0,"parent":0,"menu_order":0,"comment_status":"closed","ping_status":"closed","template":"","meta":{"footnotes":""},"class_list":["post-374","page","type-page","status-publish","hentry"],"_links":{"self":[{"href":"https:\/\/norkke.ee\/en\/wp-json\/wp\/v2\/pages\/374","targetHints":{"allow":["GET"]}}],"collection":[{"href":"https:\/\/norkke.ee\/en\/wp-json\/wp\/v2\/pages"}],"about":[{"href":"https:\/\/norkke.ee\/en\/wp-json\/wp\/v2\/types\/page"}],"author":[{"embeddable":true,"href":"https:\/\/norkke.ee\/en\/wp-json\/wp\/v2\/users\/1"}],"replies":[{"embeddable":true,"href":"https:\/\/norkke.ee\/en\/wp-json\/wp\/v2\/comments?post=374"}],"version-history":[{"count":14,"href":"https:\/\/norkke.ee\/en\/wp-json\/wp\/v2\/pages\/374\/revisions"}],"predecessor-version":[{"id":493,"href":"https:\/\/norkke.ee\/en\/wp-json\/wp\/v2\/pages\/374\/revisions\/493"}],"wp:attachment":[{"href":"https:\/\/norkke.ee\/en\/wp-json\/wp\/v2\/media?parent=374"}],"curies":[{"name":"wp","href":"https:\/\/api.w.org\/{rel}","templated":true}]}}