{"id":9,"date":"2023-05-23T10:58:34","date_gmt":"2023-05-23T10:58:34","guid":{"rendered":"https:\/\/norkke.ee\/?page_id=9"},"modified":"2025-03-20T07:31:45","modified_gmt":"2025-03-20T07:31:45","slug":"esileht","status":"publish","type":"page","link":"https:\/\/norkke.ee\/en\/","title":{"rendered":"Norkke Saunas"},"content":{"rendered":"<p>We create well being and enjoyable moments - our saunas are a place to relax and reflect, to rest and recharge. A place for enjoyment and entertaining times with friends and family. This is the mission and there can be no compromises - your life is unique and every moment worth living for.<\/p>\n\n\n\n<p>Discover our saunas:<\/p>\n\n\n\n<figure class=\"wp-block-gallery alignwide has-nested-images columns-default is-cropped wp-block-gallery-1 is-layout-flex wp-block-gallery-is-layout-flex\">\n<figure class=\"wp-block-image size-large\"><a href=\"https:\/\/norkke.ee\/en\/s4sauna\/\"><img loading=\"lazy\" decoding=\"async\" width=\"1024\" height=\"1024\" data-id=\"335\" src=\"https:\/\/norkke.ee\/wp-content\/uploads\/2024\/02\/S4-2-1200x1200-1-1024x1024.jpg\" alt=\"\" class=\"wp-image-335\" srcset=\"https:\/\/norkke.ee\/wp-content\/uploads\/2024\/02\/S4-2-1200x1200-1-1024x1024.jpg 1024w, https:\/\/norkke.ee\/wp-content\/uploads\/2024\/02\/S4-2-1200x1200-1-300x300.jpg 300w, https:\/\/norkke.ee\/wp-content\/uploads\/2024\/02\/S4-2-1200x1200-1-150x150.jpg 150w, https:\/\/norkke.ee\/wp-content\/uploads\/2024\/02\/S4-2-1200x1200-1-768x768.jpg 768w, https:\/\/norkke.ee\/wp-content\/uploads\/2024\/02\/S4-2-1200x1200-1-12x12.jpg 12w, https:\/\/norkke.ee\/wp-content\/uploads\/2024\/02\/S4-2-1200x1200-1-100x100.jpg 100w, https:\/\/norkke.ee\/wp-content\/uploads\/2024\/02\/S4-2-1200x1200-1.jpg 1200w\" sizes=\"auto, (max-width: 767px) 89vw, (max-width: 1000px) 54vw, (max-width: 1071px) 543px, 580px\" \/><\/a><\/figure>\n\n\n\n<figure class=\"wp-block-image size-large\"><a href=\"https:\/\/norkke.ee\/en\/pure-saun\/\"><img loading=\"lazy\" decoding=\"async\" width=\"1024\" height=\"1024\" data-id=\"424\" src=\"https:\/\/norkke.ee\/wp-content\/uploads\/2024\/06\/Norkke-Pure-Sauna-3-1024x1024.jpg\" alt=\"\" class=\"wp-image-424\" srcset=\"https:\/\/norkke.ee\/wp-content\/uploads\/2024\/06\/Norkke-Pure-Sauna-3-1024x1024.jpg 1024w, https:\/\/norkke.ee\/wp-content\/uploads\/2024\/06\/Norkke-Pure-Sauna-3-300x300.jpg 300w, https:\/\/norkke.ee\/wp-content\/uploads\/2024\/06\/Norkke-Pure-Sauna-3-150x150.jpg 150w, https:\/\/norkke.ee\/wp-content\/uploads\/2024\/06\/Norkke-Pure-Sauna-3-768x768.jpg 768w, https:\/\/norkke.ee\/wp-content\/uploads\/2024\/06\/Norkke-Pure-Sauna-3-12x12.jpg 12w, https:\/\/norkke.ee\/wp-content\/uploads\/2024\/06\/Norkke-Pure-Sauna-3-100x100.jpg 100w, https:\/\/norkke.ee\/wp-content\/uploads\/2024\/06\/Norkke-Pure-Sauna-3.jpg 1080w\" sizes=\"auto, (max-width: 767px) 89vw, (max-width: 1000px) 54vw, (max-width: 1071px) 543px, 580px\" \/><\/a><\/figure>\n\n\n\n<figure class=\"wp-block-image size-full\"><a href=\"https:\/\/norkke.ee\/en\/den-saun\/\"><img loading=\"lazy\" decoding=\"async\" width=\"1000\" height=\"1000\" data-id=\"397\" src=\"https:\/\/norkke.ee\/wp-content\/uploads\/2024\/04\/Norkke-Den-Sauna-green-avatar-1.jpg\" alt=\"\" class=\"wp-image-397\" srcset=\"https:\/\/norkke.ee\/wp-content\/uploads\/2024\/04\/Norkke-Den-Sauna-green-avatar-1.jpg 1000w, https:\/\/norkke.ee\/wp-content\/uploads\/2024\/04\/Norkke-Den-Sauna-green-avatar-1-300x300.jpg 300w, https:\/\/norkke.ee\/wp-content\/uploads\/2024\/04\/Norkke-Den-Sauna-green-avatar-1-150x150.jpg 150w, https:\/\/norkke.ee\/wp-content\/uploads\/2024\/04\/Norkke-Den-Sauna-green-avatar-1-768x768.jpg 768w, https:\/\/norkke.ee\/wp-content\/uploads\/2024\/04\/Norkke-Den-Sauna-green-avatar-1-12x12.jpg 12w, https:\/\/norkke.ee\/wp-content\/uploads\/2024\/04\/Norkke-Den-Sauna-green-avatar-1-100x100.jpg 100w\" sizes=\"auto, (max-width: 767px) 89vw, (max-width: 1000px) 54vw, (max-width: 1071px) 543px, 580px\" \/><\/a><\/figure>\n<\/figure>\n\n\n\n<p>Norkke saunas feature:<\/p>\n\n\n\n<ul class=\"wp-block-list\">\n<li>Floor to ceiling big windows offer magnificent views to your yard, nature, beach or lake front - wherever you decide to put your new sauna.<\/li>\n\n\n\n<li>Roomy and wide seating - comfortably seats 4 people<\/li>\n\n\n\n<li>High ceiling and spacious feeling<\/li>\n\n\n\n<li>Great inside climate and sauna feel<\/li>\n\n\n\n<li>Full solution - everything you need is included. Sauna is ready to use right after delivery.<\/li>\n\n\n\n<li>Choose your favorite exterior and interior colors from our catalogue or request a custom solution. <\/li>\n\n\n\n<li>Multiple heater options available <\/li>\n<\/ul>\n\n\n\n<figure class=\"wp-block-gallery has-nested-images columns-default is-cropped wp-block-gallery-2 is-layout-flex wp-block-gallery-is-layout-flex\">\n<figure data-wp-context=\"{&quot;imageId&quot;:&quot;69e3649d717d2&quot;}\" data-wp-interactive=\"core\/image\" data-wp-key=\"69e3649d717d2\" class=\"wp-block-image size-large wp-lightbox-container\"><img loading=\"lazy\" decoding=\"async\" width=\"1024\" height=\"683\" data-wp-class--hide=\"state.isContentHidden\" data-wp-class--show=\"state.isContentVisible\" data-wp-init=\"callbacks.setButtonStyles\" data-wp-on--click=\"actions.showLightbox\" data-wp-on--load=\"callbacks.setButtonStyles\" data-wp-on-window--resize=\"callbacks.setButtonStyles\" data-id=\"450\" src=\"https:\/\/norkke.ee\/wp-content\/uploads\/2024\/12\/NORKKE-detsember-2024-14-1024x683.jpg\" alt=\"\" class=\"wp-image-450\" srcset=\"https:\/\/norkke.ee\/wp-content\/uploads\/2024\/12\/NORKKE-detsember-2024-14-1024x683.jpg 1024w, https:\/\/norkke.ee\/wp-content\/uploads\/2024\/12\/NORKKE-detsember-2024-14-300x200.jpg 300w, https:\/\/norkke.ee\/wp-content\/uploads\/2024\/12\/NORKKE-detsember-2024-14-768x512.jpg 768w, https:\/\/norkke.ee\/wp-content\/uploads\/2024\/12\/NORKKE-detsember-2024-14-1536x1024.jpg 1536w, https:\/\/norkke.ee\/wp-content\/uploads\/2024\/12\/NORKKE-detsember-2024-14-18x12.jpg 18w, https:\/\/norkke.ee\/wp-content\/uploads\/2024\/12\/NORKKE-detsember-2024-14.jpg 1636w\" sizes=\"auto, (max-width: 767px) 89vw, (max-width: 1000px) 54vw, (max-width: 1071px) 543px, 580px\" \/><button\n\t\t\tclass=\"lightbox-trigger\"\n\t\t\ttype=\"button\"\n\t\t\taria-haspopup=\"dialog\"\n\t\t\taria-label=\"Enlarge\"\n\t\t\tdata-wp-init=\"callbacks.initTriggerButton\"\n\t\t\tdata-wp-on--click=\"actions.showLightbox\"\n\t\t\tdata-wp-style--right=\"state.imageButtonRight\"\n\t\t\tdata-wp-style--top=\"state.imageButtonTop\"\n\t\t>\n\t\t\t<svg xmlns=\"http:\/\/www.w3.org\/2000\/svg\" width=\"12\" height=\"12\" fill=\"none\" viewbox=\"0 0 12 12\">\n\t\t\t\t<path fill=\"#fff\" d=\"M2 0a2 2 0 0 0-2 2v2h1.5V2a.5.5 0 0 1 .5-.5h2V0H2Zm2 10.5H2a.5.5 0 0 1-.5-.5V8H0v2a2 2 0 0 0 2 2h2v-1.5ZM8 12v-1.5h2a.5.5 0 0 0 .5-.5V8H12v2a2 2 0 0 1-2 2H8Zm2-12a2 2 0 0 1 2 2v2h-1.5V2a.5.5 0 0 0-.5-.5H8V0h2Z\" \/>\n\t\t\t<\/svg>\n\t\t<\/button><\/figure>\n<\/figure>\n\n\n\n<figure data-wp-context=\"{&quot;imageId&quot;:&quot;69e3649d7199d&quot;}\" data-wp-interactive=\"core\/image\" data-wp-key=\"69e3649d7199d\" class=\"wp-block-image size-large wp-lightbox-container\"><img loading=\"lazy\" decoding=\"async\" width=\"1024\" height=\"1024\" data-wp-class--hide=\"state.isContentHidden\" data-wp-class--show=\"state.isContentVisible\" data-wp-init=\"callbacks.setButtonStyles\" data-wp-on--click=\"actions.showLightbox\" data-wp-on--load=\"callbacks.setButtonStyles\" data-wp-on-window--resize=\"callbacks.setButtonStyles\" src=\"https:\/\/norkke.ee\/wp-content\/uploads\/2024\/06\/Norkke-Pure-Sauna-HUUM-Core-heater-1200x1200-1-1024x1024.jpg\" alt=\"\" class=\"wp-image-431\" srcset=\"https:\/\/norkke.ee\/wp-content\/uploads\/2024\/06\/Norkke-Pure-Sauna-HUUM-Core-heater-1200x1200-1-1024x1024.jpg 1024w, https:\/\/norkke.ee\/wp-content\/uploads\/2024\/06\/Norkke-Pure-Sauna-HUUM-Core-heater-1200x1200-1-300x300.jpg 300w, https:\/\/norkke.ee\/wp-content\/uploads\/2024\/06\/Norkke-Pure-Sauna-HUUM-Core-heater-1200x1200-1-150x150.jpg 150w, https:\/\/norkke.ee\/wp-content\/uploads\/2024\/06\/Norkke-Pure-Sauna-HUUM-Core-heater-1200x1200-1-768x768.jpg 768w, https:\/\/norkke.ee\/wp-content\/uploads\/2024\/06\/Norkke-Pure-Sauna-HUUM-Core-heater-1200x1200-1-12x12.jpg 12w, https:\/\/norkke.ee\/wp-content\/uploads\/2024\/06\/Norkke-Pure-Sauna-HUUM-Core-heater-1200x1200-1-100x100.jpg 100w, https:\/\/norkke.ee\/wp-content\/uploads\/2024\/06\/Norkke-Pure-Sauna-HUUM-Core-heater-1200x1200-1.jpg 1200w\" sizes=\"auto, (max-width: 767px) 89vw, (max-width: 1000px) 54vw, (max-width: 1071px) 543px, 580px\" \/><button\n\t\t\tclass=\"lightbox-trigger\"\n\t\t\ttype=\"button\"\n\t\t\taria-haspopup=\"dialog\"\n\t\t\taria-label=\"Enlarge\"\n\t\t\tdata-wp-init=\"callbacks.initTriggerButton\"\n\t\t\tdata-wp-on--click=\"actions.showLightbox\"\n\t\t\tdata-wp-style--right=\"state.imageButtonRight\"\n\t\t\tdata-wp-style--top=\"state.imageButtonTop\"\n\t\t>\n\t\t\t<svg xmlns=\"http:\/\/www.w3.org\/2000\/svg\" width=\"12\" height=\"12\" fill=\"none\" viewbox=\"0 0 12 12\">\n\t\t\t\t<path fill=\"#fff\" d=\"M2 0a2 2 0 0 0-2 2v2h1.5V2a.5.5 0 0 1 .5-.5h2V0H2Zm2 10.5H2a.5.5 0 0 1-.5-.5V8H0v2a2 2 0 0 0 2 2h2v-1.5ZM8 12v-1.5h2a.5.5 0 0 0 .5-.5V8H12v2a2 2 0 0 1-2 2H8Zm2-12a2 2 0 0 1 2 2v2h-1.5V2a.5.5 0 0 0-.5-.5H8V0h2Z\" \/>\n\t\t\t<\/svg>\n\t\t<\/button><\/figure>\n\n\n\n<figure data-wp-context=\"{&quot;imageId&quot;:&quot;69e3649d71abc&quot;}\" data-wp-interactive=\"core\/image\" data-wp-key=\"69e3649d71abc\" class=\"wp-block-image size-large wp-lightbox-container\"><img loading=\"lazy\" decoding=\"async\" width=\"1024\" height=\"1024\" data-wp-class--hide=\"state.isContentHidden\" data-wp-class--show=\"state.isContentVisible\" data-wp-init=\"callbacks.setButtonStyles\" data-wp-on--click=\"actions.showLightbox\" data-wp-on--load=\"callbacks.setButtonStyles\" data-wp-on-window--resize=\"callbacks.setButtonStyles\" src=\"https:\/\/norkke.ee\/wp-content\/uploads\/2024\/12\/Flow-5-1024x1024.jpg\" alt=\"\" class=\"wp-image-442\" srcset=\"https:\/\/norkke.ee\/wp-content\/uploads\/2024\/12\/Flow-5-1024x1024.jpg 1024w, https:\/\/norkke.ee\/wp-content\/uploads\/2024\/12\/Flow-5-300x300.jpg 300w, https:\/\/norkke.ee\/wp-content\/uploads\/2024\/12\/Flow-5-150x150.jpg 150w, https:\/\/norkke.ee\/wp-content\/uploads\/2024\/12\/Flow-5-768x768.jpg 768w, https:\/\/norkke.ee\/wp-content\/uploads\/2024\/12\/Flow-5-12x12.jpg 12w, https:\/\/norkke.ee\/wp-content\/uploads\/2024\/12\/Flow-5-100x100.jpg 100w, https:\/\/norkke.ee\/wp-content\/uploads\/2024\/12\/Flow-5.jpg 1200w\" sizes=\"auto, (max-width: 767px) 89vw, (max-width: 1000px) 54vw, (max-width: 1071px) 543px, 580px\" \/><button\n\t\t\tclass=\"lightbox-trigger\"\n\t\t\ttype=\"button\"\n\t\t\taria-haspopup=\"dialog\"\n\t\t\taria-label=\"Enlarge\"\n\t\t\tdata-wp-init=\"callbacks.initTriggerButton\"\n\t\t\tdata-wp-on--click=\"actions.showLightbox\"\n\t\t\tdata-wp-style--right=\"state.imageButtonRight\"\n\t\t\tdata-wp-style--top=\"state.imageButtonTop\"\n\t\t>\n\t\t\t<svg xmlns=\"http:\/\/www.w3.org\/2000\/svg\" width=\"12\" height=\"12\" fill=\"none\" viewbox=\"0 0 12 12\">\n\t\t\t\t<path fill=\"#fff\" d=\"M2 0a2 2 0 0 0-2 2v2h1.5V2a.5.5 0 0 1 .5-.5h2V0H2Zm2 10.5H2a.5.5 0 0 1-.5-.5V8H0v2a2 2 0 0 0 2 2h2v-1.5ZM8 12v-1.5h2a.5.5 0 0 0 .5-.5V8H12v2a2 2 0 0 1-2 2H8Zm2-12a2 2 0 0 1 2 2v2h-1.5V2a.5.5 0 0 0-.5-.5H8V0h2Z\" \/>\n\t\t\t<\/svg>\n\t\t<\/button><\/figure>\n\n\n\n<p>If you want to place an order, register your interest or have questions, please get in touch:<\/p>\n\n\n\n<div class=\"wp-block-contact-form-7-contact-form-selector\">\n<div class=\"wpcf7 no-js\" id=\"wpcf7-f94-o1\" lang=\"et\" dir=\"ltr\" data-wpcf7-id=\"94\">\n<div class=\"screen-reader-response\"><p role=\"status\" aria-live=\"polite\" aria-atomic=\"true\"><\/p> <ul><\/ul><\/div>\n<form action=\"\/en\/wp-json\/wp\/v2\/pages\/9#wpcf7-f94-o1\" method=\"post\" class=\"wpcf7-form init\" aria-label=\"Contact form\" novalidate=\"novalidate\" data-status=\"init\" data-trp-original-action=\"\/en\/wp-json\/wp\/v2\/pages\/9#wpcf7-f94-o1\">\n<fieldset class=\"hidden-fields-container\"><input type=\"hidden\" name=\"_wpcf7\" value=\"94\" \/><input type=\"hidden\" name=\"_wpcf7_version\" value=\"6.1.5\" \/><input type=\"hidden\" name=\"_wpcf7_locale\" value=\"et\" \/><input type=\"hidden\" name=\"_wpcf7_unit_tag\" value=\"wpcf7-f94-o1\" \/><input type=\"hidden\" name=\"_wpcf7_container_post\" value=\"0\" \/><input type=\"hidden\" name=\"_wpcf7_posted_data_hash\" value=\"\" \/>\n<\/fieldset>\n<p><label> Your name<br \/>\n<span class=\"wpcf7-form-control-wrap\" data-name=\"your-name\"><input size=\"40\" maxlength=\"400\" class=\"wpcf7-form-control wpcf7-text wpcf7-validates-as-required\" autocomplete=\"name\" aria-required=\"true\" aria-invalid=\"false\" value=\"\" type=\"text\" name=\"your-name\" \/><\/span> <\/label>\n<\/p>\n<p><label> Your email<br \/>\n<span class=\"wpcf7-form-control-wrap\" data-name=\"your-email\"><input size=\"40\" maxlength=\"400\" class=\"wpcf7-form-control wpcf7-email wpcf7-validates-as-required wpcf7-text wpcf7-validates-as-email\" autocomplete=\"email\" aria-required=\"true\" aria-invalid=\"false\" value=\"\" type=\"email\" name=\"your-email\" \/><\/span> <\/label>\n<\/p>\n<p><label> Subject<br \/>\n<span class=\"wpcf7-form-control-wrap\" data-name=\"your-subject\"><input size=\"40\" maxlength=\"400\" class=\"wpcf7-form-control wpcf7-text wpcf7-validates-as-required\" aria-required=\"true\" aria-invalid=\"false\" value=\"\" type=\"text\" name=\"your-subject\" \/><\/span> <\/label>\n<\/p>\n<p><label> Your message<br \/>\n<span class=\"wpcf7-form-control-wrap\" data-name=\"your-message\"><textarea cols=\"40\" rows=\"10\" maxlength=\"2000\" class=\"wpcf7-form-control wpcf7-textarea\" aria-invalid=\"false\" name=\"your-message\"><\/textarea><\/span> <\/label>\n<\/p>\n<p><input class=\"wpcf7-form-control wpcf7-submit has-spinner\" type=\"submit\" value=\"Send\" \/>\n<\/p><div class=\"wpcf7-response-output\" aria-hidden=\"true\"><\/div>\n<input type=\"hidden\" name=\"trp-form-language\" value=\"en\"\/><\/form>\n<\/div>\n<\/div>\n\n\n\n<div class=\"wp-block-media-text is-stacked-on-mobile\"><figure class=\"wp-block-media-text__media\"><\/figure><div class=\"wp-block-media-text__content\">\n<p><\/p>\n<\/div><\/div>\n\n\n\n<div class=\"wp-block-columns is-layout-flex wp-container-core-columns-is-layout-9d6595d7 wp-block-columns-is-layout-flex\"><\/div>","protected":false},"excerpt":{"rendered":"<p>Norkke`s tegeleme Sulle parima saunaelamuse loomisega. Meie saunad on loodud pakkuma t\u00f5elist l\u00f5\u00f5gastust ja rahu. Kosutav leil ja parimad vaated. Saun on koht, kus ennast taaslaadida, hetkeks maailma tormamisest peatuda ning v\u00e4\u00e4rtustada hetke. Koht, kus lihtsalt olla ja nautida. Et see kogemus oleks t\u00f5esti t\u00e4isv\u00e4\u00e4rtuslik, kasutame vaid parimaid materjale ja lahendusi \u2013 siin ei ole &hellip; <\/p>\n<p class=\"link-more\"><a href=\"https:\/\/norkke.ee\/en\/\" class=\"more-link\">Continue reading<span class=\"screen-reader-text\"> &#8220;Norkke Saunad&#8221;<\/span><\/a><\/p>","protected":false},"author":1,"featured_media":0,"parent":0,"menu_order":0,"comment_status":"closed","ping_status":"closed","template":"","meta":{"footnotes":""},"class_list":["post-9","page","type-page","status-publish","hentry"],"_links":{"self":[{"href":"https:\/\/norkke.ee\/en\/wp-json\/wp\/v2\/pages\/9","targetHints":{"allow":["GET"]}}],"collection":[{"href":"https:\/\/norkke.ee\/en\/wp-json\/wp\/v2\/pages"}],"about":[{"href":"https:\/\/norkke.ee\/en\/wp-json\/wp\/v2\/types\/page"}],"author":[{"embeddable":true,"href":"https:\/\/norkke.ee\/en\/wp-json\/wp\/v2\/users\/1"}],"replies":[{"embeddable":true,"href":"https:\/\/norkke.ee\/en\/wp-json\/wp\/v2\/comments?post=9"}],"version-history":[{"count":35,"href":"https:\/\/norkke.ee\/en\/wp-json\/wp\/v2\/pages\/9\/revisions"}],"predecessor-version":[{"id":473,"href":"https:\/\/norkke.ee\/en\/wp-json\/wp\/v2\/pages\/9\/revisions\/473"}],"wp:attachment":[{"href":"https:\/\/norkke.ee\/en\/wp-json\/wp\/v2\/media?parent=9"}],"curies":[{"name":"wp","href":"https:\/\/api.w.org\/{rel}","templated":true}]}}